{"id":30,"date":"2021-12-20T01:32:53","date_gmt":"2021-12-20T00:32:53","guid":{"rendered":"https:\/\/sophie-vie.com\/?page_id=30"},"modified":"2025-01-22T11:02:30","modified_gmt":"2025-01-22T10:02:30","slug":"modalites-pratiques","status":"publish","type":"page","link":"https:\/\/sophie-vie.com\/index.php\/modalites-pratiques\/","title":{"rendered":"Modalit\u00e9s pratiques"},"content":{"rendered":"\n<div class=\"wp-block-cover alignfull\" style=\"min-height:320px\"><span aria-hidden=\"true\" class=\"has-nv-site-bg-background-color has-background-dim-100 wp-block-cover__gradient-background has-background-dim\"><\/span><div class=\"wp-block-cover__inner-container\">\n<div class=\"wp-container-1 wp-block-group\"><div class=\"wp-block-group__inner-container\">\n<div class=\"wp-block-columns alignwide\">\n<div class=\"wp-block-column\" style=\"flex-basis:100%\">\n<div class=\"wp-block-columns\">\n<div class=\"wp-block-column is-vertically-aligned-center\" style=\"flex-basis:100%\">\n<div class=\"wp-block-columns are-vertically-aligned-center\">\n<div class=\"wp-block-column is-vertically-aligned-center\" style=\"flex-basis:1000px\">\n<p><\/p>\n\n\n\n<p><\/p>\n\n\n\n<p><\/p>\n\n\n\n<p><\/p>\n\n\n\n<p><\/p>\n\n\n\n<p><\/p>\n\n\n\n<p><\/p>\n\n\n\n<p><\/p>\n\n\n\n<p><\/p>\n\n\n\n<p><\/p>\n\n\n\n<p class=\"has-nv-dark-bg-color has-nv-light-bg-background-color has-text-color has-background\"><strong>D\u00e9roulement du suivi<\/strong><\/p>\n\n\n\n<p class=\"has-nv-dark-bg-color has-text-color\">Consultation<strong> sur rendez-vous<\/strong> au <strong>cabinet ou en visio-consultation<\/strong>.<\/p>\n\n\n\n<p class=\"has-nv-dark-bg-color has-text-color\">Le premier rendez-vous permet de faire connaissance et de faire le point sur la raison de votre venue, sur vos souhaits et votre environnement de vie. A la suite de cet entretien, nous envisageons le d\u00e9roulement des futures s\u00e9ances. <\/p>\n\n\n\n<p class=\"has-nv-dark-bg-color has-text-color\">La <strong>fr\u00e9quence<\/strong> des s\u00e9ances s\u2019am\u00e9nage<strong> en fonction des probl\u00e9matiques<\/strong> \u00e0 aborder, de <strong>votre demande <\/strong>et de<strong> vos possibilit\u00e9s<\/strong>. Au fur et \u00e0 mesure de la prise en charge, les s\u00e9ances peuvent \u00eatre espac\u00e9es ou rapproch\u00e9es, l\u2019objectif du travail th\u00e9rapeutique \u00e9tant le mieux-\u00eatre et votre autonomie.<\/p>\n\n\n\n<p class=\"has-nv-dark-bg-color has-nv-light-bg-background-color has-text-color has-background\"><strong>Honoraires<\/strong><\/p>\n\n\n\n<p class=\"has-nv-dark-bg-color has-text-color\">Une s\u00e9ance de th\u00e9rapie est factur\u00e9e <strong>60\u20ac<\/strong> et peut \u00eatre r\u00e9gl\u00e9e par<strong> ch\u00e8que<\/strong> ou par <strong>esp\u00e8ces <\/strong>\u00e0 la fin de chaque s\u00e9ance. <\/p>\n\n\n\n<p class=\"has-nv-dark-bg-color has-nv-light-bg-background-color has-text-color has-background\"><strong>Dur\u00e9e des entretiens<\/strong><\/p>\n\n\n\n<p class=\"has-nv-dark-bg-color has-text-color\"><strong>Les s\u00e9ances<\/strong> durent approximativement<strong> 45-50 minutes<\/strong>.<\/p>\n\n\n\n<p class=\"has-nv-dark-bg-color has-nv-light-bg-background-color has-text-color has-background\"><strong>Prise en charge financi\u00e8re<\/strong><\/p>\n\n\n\n<p class=\"has-nv-dark-bg-color has-text-color\">Les consultations<strong> <\/strong>ne sont <strong>pas prises en charge par la S\u00e9curit\u00e9 Sociale<\/strong>. En revanche, certaines<strong> mutuelles peuvent prendre en charge quelques s\u00e9ances<\/strong>. Je vous invite \u00e0 contacter votre mutuelle afin de conna\u00eetre les modalit\u00e9s de remboursement.<\/p>\n\n\n\n<p class=\"has-nv-dark-bg-color has-nv-light-bg-background-color has-text-color has-background\"><strong>Reports et annulation<\/strong><\/p>\n\n\n\n<p class=\"has-text-align-left has-nv-dark-bg-color has-text-color\">Il est tout \u00e0 fait possible d\u2019annuler ou de d\u00e9placer un rendez-vous. Cependant il vous est demand\u00e9 de pr\u00e9venir au moins<strong> 48 heures \u00e0 l\u2019avance<\/strong>. En effet, lorsque le rendez-vous n\u2019est pas honor\u00e9 et non annul\u00e9, aucun patient ne peut en b\u00e9n\u00e9ficier et cela allonge les d\u00e9lais d\u2019attente. <\/p>\n<\/div>\n\n\n\n<div class=\"wp-block-column is-vertically-aligned-center\" style=\"flex-basis:30%\"><\/div>\n<\/div>\n<\/div>\n<\/div>\n<\/div>\n<\/div>\n<\/div><\/div>\n<\/div><\/div>\n","protected":false},"excerpt":{"rendered":"","protected":false},"author":1,"featured_media":0,"parent":0,"menu_order":0,"comment_status":"closed","ping_status":"closed","template":"","meta":{"neve_meta_sidebar":"","neve_meta_container":"","neve_meta_enable_content_width":"on","neve_meta_content_width":100,"neve_meta_title_alignment":"","neve_meta_author_avatar":"","neve_post_elements_order":"","neve_meta_disable_header":"","neve_meta_disable_footer":"on","neve_meta_disable_title":"on"},"_links":{"self":[{"href":"https:\/\/sophie-vie.com\/index.php\/wp-json\/wp\/v2\/pages\/30"}],"collection":[{"href":"https:\/\/sophie-vie.com\/index.php\/wp-json\/wp\/v2\/pages"}],"about":[{"href":"https:\/\/sophie-vie.com\/index.php\/wp-json\/wp\/v2\/types\/page"}],"author":[{"embeddable":true,"href":"https:\/\/sophie-vie.com\/index.php\/wp-json\/wp\/v2\/users\/1"}],"replies":[{"embeddable":true,"href":"https:\/\/sophie-vie.com\/index.php\/wp-json\/wp\/v2\/comments?post=30"}],"version-history":[{"count":22,"href":"https:\/\/sophie-vie.com\/index.php\/wp-json\/wp\/v2\/pages\/30\/revisions"}],"predecessor-version":[{"id":262,"href":"https:\/\/sophie-vie.com\/index.php\/wp-json\/wp\/v2\/pages\/30\/revisions\/262"}],"wp:attachment":[{"href":"https:\/\/sophie-vie.com\/index.php\/wp-json\/wp\/v2\/media?parent=30"}],"curies":[{"name":"wp","href":"https:\/\/api.w.org\/{rel}","templated":true}]}}