{"id":26,"date":"2021-12-14T23:42:02","date_gmt":"2021-12-14T22:42:02","guid":{"rendered":"https:\/\/sophie-vie.com\/?page_id=26"},"modified":"2025-10-17T17:41:12","modified_gmt":"2025-10-17T15:41:12","slug":"accueil","status":"publish","type":"page","link":"https:\/\/sophie-vie.com\/","title":{"rendered":"Accueil"},"content":{"rendered":"\n<div class=\"wp-block-cover alignfull is-light has-parallax\" style=\"background-image:url(https:\/\/sophie-vie.com\/wp-content\/uploads\/2021\/11\/leaves-6629581.png);min-height:700px\"><span aria-hidden=\"true\" class=\"has-background-dim-0 wp-block-cover__gradient-background has-background-dim\"><\/span><div class=\"wp-block-cover__inner-container\">\n<div style=\"height:80px\" aria-hidden=\"true\" class=\"wp-block-spacer\"><\/div>\n\n\n\n<h1 class=\"has-text-align-center has-text-color\" id=\"accompagnement-en-hypnose-et-therapie-integrative-a-reims-ou-par-visio-consultation\" style=\"color:#121212\">Psychoth\u00e9rapie int\u00e9grative \u00e0 REIMS ou par visio-consultation <\/h1>\n\n\n\n<p class=\"has-text-align-center has-neve-text-color-color has-nv-site-bg-background-color has-text-color has-background\" style=\"font-size:25px\">Pour Adultes <\/p>\n\n\n\n<div class=\"wp-container-1 wp-block-buttons\">\n<div class=\"wp-block-button is-style-secondary\"><a class=\"wp-block-button__link has-nv-dark-bg-color has-nv-site-bg-background-color has-text-color has-background\" href=\"https:\/\/sophie-vie.com\/index.php\/pourquoi-consulter\/\">EN SAVOIR PLUS<\/a><\/div>\n<\/div>\n\n\n\n<div style=\"height:80px\" aria-hidden=\"true\" class=\"wp-block-spacer\"><\/div>\n\n\n\n<div style=\"height:80px\" aria-hidden=\"true\" class=\"wp-block-spacer\"><\/div>\n\n\n\n<p><\/p>\n<\/div><\/div>\n\n\n\n<div class=\"wp-block-columns alignfull has-nv-dark-bg-color has-nv-site-bg-background-color has-text-color has-background\">\n<div class=\"wp-block-column is-vertically-aligned-top\">\n<div class=\"wp-block-image icon-style is-style-default\"><figure class=\"aligncenter size-thumbnail is-resized\"><img loading=\"lazy\" src=\"https:\/\/sophie-vie.com\/wp-content\/uploads\/2021\/11\/icone-calendrier-150x150.png\" alt=\"\" class=\"wp-image-64\" width=\"103\" height=\"103\"\/><\/figure><\/div>\n\n\n\n<h3 class=\"has-text-align-center has-neve-text-color-color has-text-color\" id=\"se-rencontrer\">Se rencontrer<\/h3>\n\n\n\n<p class=\"has-text-align-center\">Lors de notre premi\u00e8re rencontre, nous allons faire connaissance et faire le point sur la raison de votre venue, et vos objectifs. Nous y envisagerons ensemble le d\u00e9roulement des futures s\u00e9ances. <\/p>\n<\/div>\n\n\n\n<div class=\"wp-block-column is-vertically-aligned-top\">\n<div class=\"wp-block-image icon-style is-style-default\"><figure class=\"aligncenter size-thumbnail is-resized\"><img loading=\"lazy\" src=\"https:\/\/sophie-vie.com\/wp-content\/uploads\/2021\/11\/icone-echange-150x150.png\" alt=\"\" class=\"wp-image-65\" width=\"109\" height=\"109\"\/><\/figure><\/div>\n\n\n\n<h3 class=\"has-text-align-center has-neve-text-color-color has-text-color\" id=\"echanger\">\u00c9changer<\/h3>\n\n\n\n<p class=\"has-text-align-center\">Les entretiens sont un moment d&rsquo;\u00e9change qui vous est d\u00e9di\u00e9. Mon accompagnement est bas\u00e9 sur l&rsquo;\u00e9coute, la bienveillance, le non-jugement, l&rsquo;interaction et la collaboration.   <\/p>\n<\/div>\n\n\n\n<div class=\"wp-block-column is-vertically-aligned-top\">\n<div class=\"wp-block-image icon-style is-style-default\"><figure class=\"aligncenter size-thumbnail is-resized\"><img loading=\"lazy\" src=\"https:\/\/sophie-vie.com\/wp-content\/uploads\/2021\/11\/Icone-escalier--150x150.png\" alt=\"\" class=\"wp-image-66\" width=\"102\" height=\"102\"\/><\/figure><\/div>\n\n\n\n<h3 class=\"has-text-align-center has-neve-text-color-color has-text-color\" id=\"avancer\">Avancer<\/h3>\n\n\n\n<p class=\"has-text-align-center\">Le changement est au c\u0153ur de la th\u00e9rapie. Celui ci se fait \u00e0 votre rythme, en respectant vos besoins et vos valeurs. <\/p>\n\n\n\n<div style=\"height:20px\" aria-hidden=\"true\" class=\"wp-block-spacer\"><\/div>\n<\/div>\n<\/div>\n\n\n\n<div class=\"wp-block-cover alignfull is-light\" style=\"min-height:600px\"><span aria-hidden=\"true\" class=\"has-background-dim-100 wp-block-cover__gradient-background has-background-dim\" style=\"background-color:#9fd19b\"><\/span><div class=\"wp-block-cover__inner-container\">\n<p class=\"has-text-align-center has-nv-dark-bg-color has-text-color has-large-font-size\">Mon approche de la th\u00e9rapie<\/p>\n\n\n\n<p class=\"has-text-align-center has-nv-dark-bg-color has-nv-light-bg-background-color has-text-color has-background has-medium-font-size\"><strong>Prenez quelques minutes pour d\u00e9couvrir le type d&rsquo;accompagnement (psychoth\u00e9rapie int\u00e9grative) et les outils que je propose <\/strong><\/p>\n\n\n\n<div class=\"wp-container-2 wp-block-buttons\">\n<div class=\"wp-block-button is-style-secondary\"><a class=\"wp-block-button__link has-neve-text-color-color has-nv-site-bg-background-color has-text-color has-background\" href=\"https:\/\/sophie-vie.com\/index.php\/page-d-exemple\/\">D\u00c9COUVRIR<\/a><\/div>\n<\/div>\n<\/div><\/div>\n\n\n\n<div class=\"wp-block-cover alignfull\" style=\"min-height:600px\"><span aria-hidden=\"true\" class=\"has-nv-light-bg-background-color has-background-dim-100 wp-block-cover__gradient-background has-background-dim\"><\/span><div class=\"wp-block-cover__inner-container\">\n<div class=\"wp-container-4 wp-block-group\"><div class=\"wp-block-group__inner-container\">\n<div style=\"height:80px\" aria-hidden=\"true\" class=\"wp-block-spacer\"><\/div>\n\n\n\n<div class=\"wp-block-columns are-vertically-aligned-center\">\n<div class=\"wp-block-column is-vertically-aligned-center\" style=\"flex-basis:50%\">\n<div class=\"wp-block-image is-style-rounded\"><figure class=\"aligncenter size-full is-resized\"><img loading=\"lazy\" src=\"https:\/\/sophie-vie.com\/wp-content\/uploads\/2021\/12\/photo-profil.jpg\" alt=\"\" class=\"wp-image-91\" width=\"275\" height=\"275\" srcset=\"https:\/\/sophie-vie.com\/wp-content\/uploads\/2021\/12\/photo-profil.jpg 550w, https:\/\/sophie-vie.com\/wp-content\/uploads\/2021\/12\/photo-profil-300x300.jpg 300w, https:\/\/sophie-vie.com\/wp-content\/uploads\/2021\/12\/photo-profil-150x150.jpg 150w\" sizes=\"(max-width: 275px) 100vw, 275px\" \/><\/figure><\/div>\n<\/div>\n\n\n\n<div class=\"wp-block-column is-vertically-aligned-center\" style=\"flex-basis:50%\">\n<h2 class=\"has-text-align-left has-nv-dark-bg-color has-text-color\" id=\"prendre-rendez-vous\">Prendre rendez-vous<\/h2>\n\n\n\n<p class=\"has-text-align-left has-nv-dark-bg-color has-text-color\" style=\"font-size:17px\">Par t\u00e9l\u00e9phone : 07.77.28.31.16 <\/p>\n\n\n\n<p class=\"has-nv-dark-bg-color has-text-color\">Adresse du cabinet : 40 rue Prieur de la Marne, 51100 REIMS <\/p>\n\n\n\n<div class=\"wp-container-3 wp-block-buttons\">\n<div class=\"wp-block-button is-style-default\"><a class=\"wp-block-button__link\" href=\"https:\/\/sophie-vie.com\/index.php\/contact\/\" style=\"border-radius:1px\">CONTACT<\/a><\/div>\n<\/div>\n<\/div>\n<\/div>\n\n\n\n<div style=\"height:40px\" aria-hidden=\"true\" class=\"wp-block-spacer\"><\/div>\n<\/div><\/div>\n<\/div><\/div>\n\n\n\n<div class=\"wp-block-columns alignfull has-nv-light-bg-background-color has-background\">\n<div class=\"wp-block-column\" style=\"flex-basis:25%\"><\/div>\n\n\n\n<div class=\"wp-block-column\" style=\"flex-basis:50%\">\n<p class=\"has-text-align-left has-small-font-size\"><a href=\"https:\/\/sophie-vie.com\/index.php\/mentions-legales\/\" data-type=\"page\" data-id=\"201\">Mentions l\u00e9gales<\/a><\/p>\n<\/div>\n\n\n\n<div class=\"wp-block-column\" style=\"flex-basis:25%\">\n<p class=\"has-small-font-size\">Copyright \u00a9 2021<\/p>\n<\/div>\n<\/div>\n","protected":false},"excerpt":{"rendered":"<p>Se rencontrer Lors de notre premi\u00e8re rencontre, nous allons faire connaissance et faire le point sur la raison de votre venue, et vos objectifs. Nous y envisagerons ensemble le d\u00e9roulement des futures s\u00e9ances. \u00c9changer Les entretiens sont un moment d&rsquo;\u00e9change qui vous est d\u00e9di\u00e9. Mon accompagnement est bas\u00e9 sur l&rsquo;\u00e9coute, la bienveillance, le non-jugement, l&rsquo;interaction&hellip;&nbsp;<a href=\"https:\/\/sophie-vie.com\/\" class=\"\" rel=\"bookmark\">Lire la suite &raquo;<span class=\"screen-reader-text\">Accueil<\/span><\/a><\/p>\n","protected":false},"author":1,"featured_media":0,"parent":0,"menu_order":0,"comment_status":"closed","ping_status":"closed","template":"","meta":{"neve_meta_sidebar":"full-width","neve_meta_container":"contained","neve_meta_enable_content_width":"on","neve_meta_content_width":100,"neve_meta_title_alignment":"center","neve_meta_author_avatar":"","neve_post_elements_order":"","neve_meta_disable_header":"off","neve_meta_disable_footer":"on","neve_meta_disable_title":"on"},"_links":{"self":[{"href":"https:\/\/sophie-vie.com\/index.php\/wp-json\/wp\/v2\/pages\/26"}],"collection":[{"href":"https:\/\/sophie-vie.com\/index.php\/wp-json\/wp\/v2\/pages"}],"about":[{"href":"https:\/\/sophie-vie.com\/index.php\/wp-json\/wp\/v2\/types\/page"}],"author":[{"embeddable":true,"href":"https:\/\/sophie-vie.com\/index.php\/wp-json\/wp\/v2\/users\/1"}],"replies":[{"embeddable":true,"href":"https:\/\/sophie-vie.com\/index.php\/wp-json\/wp\/v2\/comments?post=26"}],"version-history":[{"count":73,"href":"https:\/\/sophie-vie.com\/index.php\/wp-json\/wp\/v2\/pages\/26\/revisions"}],"predecessor-version":[{"id":277,"href":"https:\/\/sophie-vie.com\/index.php\/wp-json\/wp\/v2\/pages\/26\/revisions\/277"}],"wp:attachment":[{"href":"https:\/\/sophie-vie.com\/index.php\/wp-json\/wp\/v2\/media?parent=26"}],"curies":[{"name":"wp","href":"https:\/\/api.w.org\/{rel}","templated":true}]}}