{"id":2,"date":"2021-11-08T23:27:37","date_gmt":"2021-11-08T22:27:37","guid":{"rendered":"http:\/\/sophie-vie.com\/?page_id=2"},"modified":"2025-10-17T17:39:20","modified_gmt":"2025-10-17T15:39:20","slug":"page-d-exemple","status":"publish","type":"page","link":"https:\/\/sophie-vie.com\/index.php\/page-d-exemple\/","title":{"rendered":"Approche th\u00e9rapeutique"},"content":{"rendered":"\n<p>Mon approche de la th\u00e9rapie se base sur le postulat suivant\u00a0: <em><strong>\u00ab\u00a0Chaque \u00eatre \u00e9tant unique, chaque r\u00e9ponse th\u00e9rapeutique se doit de l\u2019\u00eatre aussi\u00a0\u00bb. <\/strong><\/em>C\u2019est pourquoi, tout au long de mon parcours j\u2019ai cherch\u00e9 \u00e0 me former \u00e0 une approche int\u00e9grative. Ma pratique actuelle combine une <strong>approche psycho-corporelle<\/strong> et une <strong>approche cognitivo-comportementale (TCC)<\/strong>. Mon approche vise \u00e0 vous proposer un <strong>accompagnement personnalis\u00e9<\/strong> vous permettant de d\u00e9passer vos difficult\u00e9s, de reconna\u00eetre vos pens\u00e9es, vos \u00e9motions et les comportements qui alimentent votre probl\u00e9matique afin d\u2019obtenir des changements durables tout en respectant votre rythme et vos souhaits. <\/p>\n\n\n\n<p>C\u2019est dans un<strong> rapport collaboratif et interactif<\/strong>, que nous avancerons ensemble et <strong>\u00e0 votre rythme<\/strong> vers votre objectif. Cette relation de collaboration n\u00e9cessite un investissement des deux parties. Cet investissement de votre part peut se traduire par la <strong>r\u00e9alisation d\u2019exercices<\/strong> entre les s\u00e9ances (par exemple d\u2019exercices provenant des TCC). \u00a0L\u2019id\u00e9e \u00e9tant de <strong>diminuer concr\u00e8tement les difficult\u00e9s auxquelles vous faites face, renforcer et d\u00e9velopper vos ressources et votre autonomie<\/strong>.<\/p>\n\n\n\n<p><\/p>\n","protected":false},"excerpt":{"rendered":"<p>Mon approche de la th\u00e9rapie se base sur le postulat suivant\u00a0: \u00ab\u00a0Chaque \u00eatre \u00e9tant unique, chaque r\u00e9ponse th\u00e9rapeutique se doit de l\u2019\u00eatre aussi\u00a0\u00bb. C\u2019est pourquoi, tout au long de mon parcours j\u2019ai cherch\u00e9 \u00e0 me former \u00e0 une approche int\u00e9grative. Ma pratique actuelle combine une approche psycho-corporelle et une approche cognitivo-comportementale (TCC). Mon approche vise&hellip;&nbsp;<a href=\"https:\/\/sophie-vie.com\/index.php\/page-d-exemple\/\" class=\"\" rel=\"bookmark\">Lire la suite &raquo;<span class=\"screen-reader-text\">Approche th\u00e9rapeutique<\/span><\/a><\/p>\n","protected":false},"author":1,"featured_media":0,"parent":0,"menu_order":0,"comment_status":"closed","ping_status":"open","template":"","meta":{"neve_meta_sidebar":"","neve_meta_container":"","neve_meta_enable_content_width":"","neve_meta_content_width":0,"neve_meta_title_alignment":"","neve_meta_author_avatar":"","neve_post_elements_order":"","neve_meta_disable_header":"","neve_meta_disable_footer":"on","neve_meta_disable_title":""},"_links":{"self":[{"href":"https:\/\/sophie-vie.com\/index.php\/wp-json\/wp\/v2\/pages\/2"}],"collection":[{"href":"https:\/\/sophie-vie.com\/index.php\/wp-json\/wp\/v2\/pages"}],"about":[{"href":"https:\/\/sophie-vie.com\/index.php\/wp-json\/wp\/v2\/types\/page"}],"author":[{"embeddable":true,"href":"https:\/\/sophie-vie.com\/index.php\/wp-json\/wp\/v2\/users\/1"}],"replies":[{"embeddable":true,"href":"https:\/\/sophie-vie.com\/index.php\/wp-json\/wp\/v2\/comments?post=2"}],"version-history":[{"count":7,"href":"https:\/\/sophie-vie.com\/index.php\/wp-json\/wp\/v2\/pages\/2\/revisions"}],"predecessor-version":[{"id":276,"href":"https:\/\/sophie-vie.com\/index.php\/wp-json\/wp\/v2\/pages\/2\/revisions\/276"}],"wp:attachment":[{"href":"https:\/\/sophie-vie.com\/index.php\/wp-json\/wp\/v2\/media?parent=2"}],"curies":[{"name":"wp","href":"https:\/\/api.w.org\/{rel}","templated":true}]}}